{"id":40764,"date":"2024-06-27T12:20:39","date_gmt":"2024-06-27T12:20:39","guid":{"rendered":"https:\/\/budenmusik.codabeam.org\/tickets-checkout\/"},"modified":"2024-06-27T12:23:19","modified_gmt":"2024-06-27T12:23:19","slug":"tickets-checkout","status":"publish","type":"page","link":"https:\/\/budenmusik.ch\/de\/tickets-checkout\/","title":{"rendered":"Tickets Checkout"},"content":{"rendered":"<link property=\"stylesheet\" rel='stylesheet' id='tec-variables-skeleton-css' href='https:\/\/budenmusik.ch\/wp-content\/plugins\/event-tickets\/common\/build\/css\/variables-skeleton.css?ver=6.10.2' type='text\/css' media='all' \/>\n<link property=\"stylesheet\" rel='stylesheet' id='tribe-common-skeleton-style-css' href='https:\/\/budenmusik.ch\/wp-content\/plugins\/event-tickets\/common\/build\/css\/common-skeleton.css?ver=6.10.2' type='text\/css' media='all' \/>\n<link property=\"stylesheet\" rel='stylesheet' id='tec-variables-full-css' href='https:\/\/budenmusik.ch\/wp-content\/plugins\/event-tickets\/common\/build\/css\/variables-full.css?ver=6.10.2' type='text\/css' media='all' \/>\n<link property=\"stylesheet\" rel='stylesheet' id='tribe-common-full-style-css' href='https:\/\/budenmusik.ch\/wp-content\/plugins\/event-tickets\/common\/build\/css\/common-full.css?ver=6.10.2' type='text\/css' media='all' \/>\n<link property=\"stylesheet\" rel='stylesheet' id='tribe-common-responsive-css' href='https:\/\/budenmusik.ch\/wp-content\/plugins\/event-tickets\/build\/css\/common-responsive.css?ver=5.27.5' type='text\/css' media='all' \/>\n<link property=\"stylesheet\" rel='stylesheet' id='tribe-tickets-commerce-style-css' href='https:\/\/budenmusik.ch\/wp-content\/plugins\/event-tickets\/build\/css\/tickets-commerce.css?ver=5.27.5' type='text\/css' media='all' \/>\n<link property=\"stylesheet\" rel='stylesheet' id='tribe-tickets-commerce-stripe-style-css' href='https:\/\/budenmusik.ch\/wp-content\/plugins\/event-tickets\/build\/css\/tickets-commerce\/gateway\/stripe.css?ver=5.27.5' type='text\/css' media='all' \/>\n<link property=\"stylesheet\" rel='stylesheet' id='tribe-tickets-commerce-free-style-css' href='https:\/\/budenmusik.ch\/wp-content\/plugins\/event-tickets\/build\/css\/tickets-commerce\/gateway\/free.css?ver=5.27.5' type='text\/css' media='all' \/>\n<link property=\"stylesheet\" rel='stylesheet' id='tribe-tickets-commerce-paypal-style-css' href='https:\/\/budenmusik.ch\/wp-content\/plugins\/event-tickets\/build\/css\/tickets-commerce\/gateway\/paypal.css?ver=5.27.5' type='text\/css' media='all' \/>\n<div class=\"tribe-common event-tickets\">\n\t<section\n\t\tclass=\"tribe-tickets__commerce-checkout\"\n\t\t data-js=\"tec-tickets-commerce-notice\" data-notice-default-title=\"Bezahlvorgang leider nicht m\u00f6glich!\" data-notice-default-content=\"Der Zahlungsvorgangs ist leider derzeit nicht m\u00f6glich, da die gew\u00e4hlte Zahlungsart noch nicht zur Verf\u00fcgung steht. Bitte wende dich an den Administrator.\" \t>\n\t\t<input type=\"hidden\" id=\"tec-tc-checkout-nonce\" name=\"tec-tc-checkout-nonce\" value=\"c9ab9a558b\" \/><input type=\"hidden\" name=\"_wp_http_referer\" value=\"\/de\/wp-json\/wp\/v2\/pages\/40764\" \/>\t\t<header class=\"tribe-tickets__commerce-checkout-header\">\n\t<h3 class=\"tribe-common-h2 tribe-tickets__commerce-checkout-header-title\">\n\tTickets kaufen<\/h3>\n\t<\/header>\n\t\t\t\t<div  class=\"tribe-tickets-loader__dots tribe-common-c-loader tribe-common-a11y-hidden\" >\n\t<svg\n\t class=\"tribe-common-c-svgicon tribe-common-c-svgicon--dot tribe-common-c-loader__dot tribe-common-c-loader__dot--first\" \taria-hidden=\"true\"\n\tviewBox=\"0 0 15 15\"\n\txmlns=\"http:\/\/www.w3.org\/2000\/svg\"\n>\n\t<circle cx=\"7.5\" cy=\"7.5\" r=\"7.5\"\/>\n<\/svg>\n\t<svg\n\t class=\"tribe-common-c-svgicon tribe-common-c-svgicon--dot tribe-common-c-loader__dot tribe-common-c-loader__dot--second\" \taria-hidden=\"true\"\n\tviewBox=\"0 0 15 15\"\n\txmlns=\"http:\/\/www.w3.org\/2000\/svg\"\n>\n\t<circle cx=\"7.5\" cy=\"7.5\" r=\"7.5\"\/>\n<\/svg>\n\t<svg\n\t class=\"tribe-common-c-svgicon tribe-common-c-svgicon--dot tribe-common-c-loader__dot tribe-common-c-loader__dot--third\" \taria-hidden=\"true\"\n\tviewBox=\"0 0 15 15\"\n\txmlns=\"http:\/\/www.w3.org\/2000\/svg\"\n>\n\t<circle cx=\"7.5\" cy=\"7.5\" r=\"7.5\"\/>\n<\/svg>\n<\/div>\n\t\t<div id=\"\"  class=\"tribe-tickets__notice tribe-tickets__notice--error tribe-tickets__commerce-checkout-notice\" >\n\t\t\t<h3 class=\"tribe-common-h7 tribe-tickets-notice__title\">Fehler beim Bezahlvorgang!<\/h3>\n\t\n\t<div  class=\"tribe-common-b2 tribe-tickets-notice__content tribe-tickets__commerce-checkout-notice-content\" >\n\t\tEtwas ist schief gelaufen!\t<\/div>\n<\/div>\n\t\t<div class=\"tribe-tickets__commerce-checkout-cart-empty\">\n\t<h3 class=\"tribe-common-h3 tribe-tickets__commerce-checkout-cart-empty-title\">\n\tHoppla, keine Tickets!<\/h3>\n\t<div class=\"tribe-common-b1 tribe-tickets__commerce-checkout-cart-empty-description\">\n\tBitte <a href=\"https:\/\/budenmusik.ch\/de\/(\/?:events|veranstaltungen)\/\" class=\"tribe-common-anchor-alt tribe-tickets__commerce-checkout-cart-empty-description-link\">w\u00e4hlen Veranstaltungen aus<\/a> and f\u00fcgen Tickets zum Bestellen hinzu.<\/div>\n<\/div>\n\t\t\t\t\t\t<footer class=\"tribe-tickets__commerce-checkout-footer\">\n\t<\/footer>\n\t\t\t<\/section>\n<\/div>\n\n","protected":false},"excerpt":{"rendered":"","protected":false},"author":1,"featured_media":0,"parent":0,"menu_order":0,"comment_status":"closed","ping_status":"closed","template":"","meta":{"_price":"","_stock":"","_tribe_ticket_header":"","_tribe_default_ticket_provider":"","_tribe_ticket_capacity":"0","_ticket_start_date":"","_ticket_end_date":"","_tribe_ticket_show_description":"","_tribe_ticket_show_not_going":false,"_tribe_ticket_use_global_stock":"","_tribe_ticket_global_stock_level":"","_global_stock_mode":"","_global_stock_cap":"","_tribe_rsvp_for_event":"","_tribe_ticket_going_count":"","_tribe_ticket_not_going_count":"","_tribe_tickets_list":"[]","_tribe_ticket_has_attendee_info_fields":false,"footnotes":""},"class_list":["post-40764","page","type-page","status-publish","hentry"],"yoast_head":"<!-- This site is optimized with the Yoast SEO Premium plugin v27.2 (Yoast SEO v27.2) - https:\/\/yoast.com\/product\/yoast-seo-premium-wordpress\/ -->\n<title>Tickets Checkout - BudenMusik<\/title>\n<meta name=\"robots\" content=\"index, follow, max-snippet:-1, max-image-preview:large, max-video-preview:-1\" \/>\n<link rel=\"canonical\" href=\"https:\/\/budenmusik.ch\/de\/tickets-checkout\/\" \/>\n<meta property=\"og:locale\" content=\"de_DE\" \/>\n<meta property=\"og:type\" content=\"article\" \/>\n<meta property=\"og:title\" content=\"Tickets Checkout\" \/>\n<meta property=\"og:url\" content=\"https:\/\/budenmusik.ch\/de\/tickets-checkout\/\" \/>\n<meta property=\"og:site_name\" content=\"BudenMusik\" \/>\n<meta property=\"article:modified_time\" content=\"2024-06-27T12:23:19+00:00\" \/>\n<meta property=\"og:image\" content=\"https:\/\/budenmusik.ch\/wp-content\/uploads\/2026\/03\/Unbenannt-12.jpeg\" \/>\n\t<meta property=\"og:image:width\" content=\"1200\" \/>\n\t<meta property=\"og:image:height\" content=\"675\" \/>\n\t<meta property=\"og:image:type\" content=\"image\/jpeg\" \/>\n<meta name=\"twitter:card\" content=\"summary_large_image\" \/>\n<script type=\"application\/ld+json\" class=\"yoast-schema-graph\">{\"@context\":\"https:\/\/schema.org\",\"@graph\":[{\"@type\":\"WebPage\",\"@id\":\"https:\/\/budenmusik.ch\/tickets-checkout\/\",\"url\":\"https:\/\/budenmusik.ch\/tickets-checkout\/\",\"name\":\"Tickets Checkout - BudenMusik\",\"isPartOf\":{\"@id\":\"https:\/\/budenmusik.ch\/#website\"},\"datePublished\":\"2024-06-27T12:20:39+00:00\",\"dateModified\":\"2024-06-27T12:23:19+00:00\",\"breadcrumb\":{\"@id\":\"https:\/\/budenmusik.ch\/tickets-checkout\/#breadcrumb\"},\"inLanguage\":\"de\",\"potentialAction\":[{\"@type\":\"ReadAction\",\"target\":[\"https:\/\/budenmusik.ch\/tickets-checkout\/\"]}]},{\"@type\":\"BreadcrumbList\",\"@id\":\"https:\/\/budenmusik.ch\/tickets-checkout\/#breadcrumb\",\"itemListElement\":[{\"@type\":\"ListItem\",\"position\":1,\"name\":\"Home\",\"item\":\"https:\/\/budenmusik.ch\/de\/\"},{\"@type\":\"ListItem\",\"position\":2,\"name\":\"Tickets Checkout\"}]},{\"@type\":\"WebSite\",\"@id\":\"https:\/\/budenmusik.ch\/#website\",\"url\":\"https:\/\/budenmusik.ch\/\",\"name\":\"BUDENMUSIK\",\"description\":\"Pure Techno. Real Energy.\",\"publisher\":{\"@id\":\"https:\/\/budenmusik.ch\/#organization\"},\"potentialAction\":[{\"@type\":\"SearchAction\",\"target\":{\"@type\":\"EntryPoint\",\"urlTemplate\":\"https:\/\/budenmusik.ch\/?s={search_term_string}\"},\"query-input\":{\"@type\":\"PropertyValueSpecification\",\"valueRequired\":true,\"valueName\":\"search_term_string\"}}],\"inLanguage\":\"de\"},{\"@type\":\"Organization\",\"@id\":\"https:\/\/budenmusik.ch\/#organization\",\"name\":\"BUDENMUSIK\",\"url\":\"https:\/\/budenmusik.ch\/\",\"logo\":{\"@type\":\"ImageObject\",\"inLanguage\":\"de\",\"@id\":\"https:\/\/budenmusik.ch\/#\/schema\/logo\/image\/\",\"url\":\"https:\/\/budenmusik.ch\/wp-content\/uploads\/2026\/03\/Unbenannt-12.jpeg\",\"contentUrl\":\"https:\/\/budenmusik.ch\/wp-content\/uploads\/2026\/03\/Unbenannt-12.jpeg\",\"width\":1200,\"height\":675,\"caption\":\"BUDENMUSIK\"},\"image\":{\"@id\":\"https:\/\/budenmusik.ch\/#\/schema\/logo\/image\/\"},\"sameAs\":[\"https:\/\/www.instagram.com\/buden_musik\/\",\"https:\/\/de.ra.co\/labels\/26931\",\"https:\/\/soundcloud.com\/buden-musik\"]}]}<\/script>\n<!-- \/ Yoast SEO Premium plugin. -->","yoast_head_json":{"title":"Tickets Checkout - BudenMusik","robots":{"index":"index","follow":"follow","max-snippet":"max-snippet:-1","max-image-preview":"max-image-preview:large","max-video-preview":"max-video-preview:-1"},"canonical":"https:\/\/budenmusik.ch\/de\/tickets-checkout\/","og_locale":"de_DE","og_type":"article","og_title":"Tickets Checkout","og_url":"https:\/\/budenmusik.ch\/de\/tickets-checkout\/","og_site_name":"BudenMusik","article_modified_time":"2024-06-27T12:23:19+00:00","og_image":[{"width":1200,"height":675,"url":"https:\/\/budenmusik.ch\/wp-content\/uploads\/2026\/03\/Unbenannt-12.jpeg","type":"image\/jpeg"}],"twitter_card":"summary_large_image","schema":{"@context":"https:\/\/schema.org","@graph":[{"@type":"WebPage","@id":"https:\/\/budenmusik.ch\/tickets-checkout\/","url":"https:\/\/budenmusik.ch\/tickets-checkout\/","name":"Tickets Checkout - BudenMusik","isPartOf":{"@id":"https:\/\/budenmusik.ch\/#website"},"datePublished":"2024-06-27T12:20:39+00:00","dateModified":"2024-06-27T12:23:19+00:00","breadcrumb":{"@id":"https:\/\/budenmusik.ch\/tickets-checkout\/#breadcrumb"},"inLanguage":"de","potentialAction":[{"@type":"ReadAction","target":["https:\/\/budenmusik.ch\/tickets-checkout\/"]}]},{"@type":"BreadcrumbList","@id":"https:\/\/budenmusik.ch\/tickets-checkout\/#breadcrumb","itemListElement":[{"@type":"ListItem","position":1,"name":"Home","item":"https:\/\/budenmusik.ch\/de\/"},{"@type":"ListItem","position":2,"name":"Tickets Checkout"}]},{"@type":"WebSite","@id":"https:\/\/budenmusik.ch\/#website","url":"https:\/\/budenmusik.ch\/","name":"BUDENMUSIK","description":"Pure Techno. Real Energy.","publisher":{"@id":"https:\/\/budenmusik.ch\/#organization"},"potentialAction":[{"@type":"SearchAction","target":{"@type":"EntryPoint","urlTemplate":"https:\/\/budenmusik.ch\/?s={search_term_string}"},"query-input":{"@type":"PropertyValueSpecification","valueRequired":true,"valueName":"search_term_string"}}],"inLanguage":"de"},{"@type":"Organization","@id":"https:\/\/budenmusik.ch\/#organization","name":"BUDENMUSIK","url":"https:\/\/budenmusik.ch\/","logo":{"@type":"ImageObject","inLanguage":"de","@id":"https:\/\/budenmusik.ch\/#\/schema\/logo\/image\/","url":"https:\/\/budenmusik.ch\/wp-content\/uploads\/2026\/03\/Unbenannt-12.jpeg","contentUrl":"https:\/\/budenmusik.ch\/wp-content\/uploads\/2026\/03\/Unbenannt-12.jpeg","width":1200,"height":675,"caption":"BUDENMUSIK"},"image":{"@id":"https:\/\/budenmusik.ch\/#\/schema\/logo\/image\/"},"sameAs":["https:\/\/www.instagram.com\/buden_musik\/","https:\/\/de.ra.co\/labels\/26931","https:\/\/soundcloud.com\/buden-musik"]}]}},"jetpack_sharing_enabled":true,"_links":{"self":[{"href":"https:\/\/budenmusik.ch\/de\/wp-json\/wp\/v2\/pages\/40764","targetHints":{"allow":["GET"]}}],"collection":[{"href":"https:\/\/budenmusik.ch\/de\/wp-json\/wp\/v2\/pages"}],"about":[{"href":"https:\/\/budenmusik.ch\/de\/wp-json\/wp\/v2\/types\/page"}],"author":[{"embeddable":true,"href":"https:\/\/budenmusik.ch\/de\/wp-json\/wp\/v2\/users\/1"}],"replies":[{"embeddable":true,"href":"https:\/\/budenmusik.ch\/de\/wp-json\/wp\/v2\/comments?post=40764"}],"version-history":[{"count":0,"href":"https:\/\/budenmusik.ch\/de\/wp-json\/wp\/v2\/pages\/40764\/revisions"}],"wp:attachment":[{"href":"https:\/\/budenmusik.ch\/de\/wp-json\/wp\/v2\/media?parent=40764"}],"curies":[{"name":"wp","href":"https:\/\/api.w.org\/{rel}","templated":true}]}}